
{"id":4201,"date":"2023-03-06T20:36:03","date_gmt":"2023-03-06T19:36:03","guid":{"rendered":"https:\/\/www.fertillia.com\/?page_id=4201"},"modified":"2023-06-26T13:20:57","modified_gmt":"2023-06-26T11:20:57","slug":"diagnostic-preimplantatoire","status":"publish","type":"page","link":"https:\/\/www.fertillia.com\/ar\/diagnostic-preimplantatoire\/","title":{"rendered":"\u0627\u0644\u062a\u0634\u062e\u064a\u0635 \u0627\u0644\u0648\u0631\u0627\u062b\u064a \u0642\u0628\u0644 \u0627\u0644\u0632\u0631\u0639"},"content":{"rendered":"<div class=\"wpb-content-wrapper\"><div class=\"vc_row wpb_row vc_row-fluid padding-bottom-100 vc_custom_1686171057288 vc_row-has-fill full-width mc-parallax mc-overlay\"><div class=\"wpb_column vc_column_container vc_col-sm-12\"><div class=\"wpb_wrapper\"><div class=\"vc_row wpb_row vc_inner vc_row-fluid margin-top-92\"><div class=\"wpb_column vc_column_container vc_col-sm-12\"><div class=\"vc_column-inner\"><div class=\"wpb_wrapper\"><h2 class=\"box-header large align-center white\">\u0647\u0648 \u0625\u062e\u062a\u064a\u0627\u0631 \u0639\u0646 \u0637\u0631\u064a\u0642 \u0627\u0644\u062a\u062d\u0644\u064a\u0644 \u0627\u0644\u062c\u064a\u0646\u064a \u0644\u0644\u0623\u062c\u0646\u0629 \u0627\u0644\u0635\u062d\u064a\u0629\u060c<\/h2>\n\t<div class=\"wpb_text_column wpb_content_element\" >\n\t\t<div class=\"wpb_wrapper\">\n\t\t\t<p style=\"text-align: center;\">\u0642\u0628\u0644 \u0632\u0631\u0639\u0647\u0627\u060c \u0645\u0646 \u0623\u062c\u0644 \u062a\u062c\u0646\u0628 \u0627\u0646\u062a\u0642\u0627\u0644 \u0645\u0631\u0636 \u0645\u0639\u0631\u0648\u0641 \u0648\u0645\u062d\u062f\u062f \u0644\u062f\u0649 \u0623\u062d\u062f \u0627\u0644\u0648\u0627\u0644\u062f\u064a\u0646 \u0623\u0648 \u0643\u0644\u064a\u0647\u0645\u0627.<\/p>\n\n\t\t<\/div>\n\t<\/div>\n<\/div><\/div><\/div><\/div><div class=\"vc_row wpb_row vc_inner vc_row-fluid flex-box page-margin-top\"><div class=\"arrow-blue info-box-card wpb_column vc_column_container vc_col-sm-9\"><div class=\"vc_column-inner\"><div class=\"wpb_wrapper\"><div class=\"info-box animated-element animation-fadeIn duration-500 card-list\"><h3>\u0627\u0644\u0645\u0632\u0627\u064a\u0627<\/h3><p>\u062a\u062a\u064a\u062d \u0647\u0630\u0647 \u0627\u0644\u062a\u0642\u0646\u064a\u0629 \u062a\u0641\u0627\u062f\u064a<strong>\u0627\u0644\u0623\u0645\u0631\u0627\u0636 \u0627\u0644\u0645\u0646\u0642\u0648\u0644\u0629 \u0648\u0631\u0627\u062b\u064a\u0627\u00a0<\/strong>\u0648\u0647\u064a \u0627\u0644\u062d\u0644 \u0627\u0644\u0627\u0645\u062b\u0644. \u0628\u064a\u0646\u0645\u0627 \u0628\u0627\u0644\u0646\u0633\u0628\u0629 \u0644\u0628\u0639\u0636 \u0627\u0644\u0623\u0645\u0631\u0627\u0636\u060c \u0644\u0627 \u064a\u0648\u062c\u062f \u0644\u062f\u064a\u0646\u0627 \u0633\u0648\u0649 \u062a\u0634\u062e\u064a\u0635 \u0645\u0627 \u0642\u0628\u0644 \u0627\u0644\u0648\u0644\u0627\u062f\u0629 (\u0623\u062b\u0646\u0627\u0621 \u0627\u0644\u062d\u0645\u0644)\u060c \u0645\u0639 \u062a\u0634\u062e\u064a\u0635 \u0645\u0627 \u0642\u0628\u0644 \u0627\u0644\u0632\u0631\u0639\u060c \u0641\u0625\u0646\u0646\u0627 \u0646\u062a\u062c\u0646\u0628 \u0627\u0644\u0627\u0636\u0637\u0631\u0627\u0631 \u0625\u0644\u0649 \u0645\u0642\u0627\u0637\u0639\u0629 \u0627\u0644\u062d\u0645\u0644 \u0639\u0646\u062f\u0645\u0627 \u064a\u0643\u0648\u0646 \u0627\u0644\u062c\u0646\u064a\u0646 \u062d\u0627\u0645\u0644\u0627\u064b \u0644\u0644\u0645\u0631\u0636. \u064a\u062c\u0628 \u0623\u0646 \u064a\u062a\u0645 \u0627\u0644\u0627\u062e\u062a\u064a\u0627\u0631 \u064a\u062a\u0645 \u0642\u0628\u0644 \u0645\u0631\u062d\u0644\u0629 \u0627\u0644\u062a\u0646\u0641\u064a\u0630.<\/p><\/div><\/div><\/div><\/div><div class=\"info-box-card wpb_column vc_column_container vc_col-sm-3\"><div class=\"vc_column-inner\"><div class=\"wpb_wrapper\"><\/div><\/div><\/div><\/div><div class=\"vc_row wpb_row vc_inner vc_row-fluid flex-box page-margin-top\"><div class=\"arrow-blue info-box-card wpb_column vc_column_container vc_col-sm-3\"><div class=\"vc_column-inner\"><div class=\"wpb_wrapper\"><\/div><\/div><\/div><div class=\"info-box-card wpb_column vc_column_container vc_col-sm-9\"><div class=\"vc_column-inner\"><div class=\"wpb_wrapper\"><div class=\"info-box animated-element animation-slideRight duration-800 delay-600 arrow-blue card-list\"><h3>\u0627\u0644\u0645\u0628\u062f\u0623<\/h3><p>\u0627\u0644\u0645\u0628\u062f\u0623\u0625\u0646\u0634\u0627\u0621 \u0639\u062f\u062f \u0645\u0646 \u0627\u0644\u0623\u062c\u0646\u0629 \u0645\u0646 \u0627\u0644\u0623\u0645\u0634\u0627\u062c \u0627\u0644\u062e\u0627\u0635\u0629 \u0628\u0643\u0645 (\u0628\u0648\u064a\u0636\u0627\u062a \u0627\u0644\u0632\u0648\u062c\u0629 \u0648\u0627\u0644\u062d\u064a\u0648\u0627\u0646\u0627\u062a \u0627\u0644\u0645\u0646\u0648\u064a\u0629 \u0644\u0644\u0632\u0648\u062c) \u0648\u0641\u0642\u0627 \u0644\u062a\u0642\u0646\u064a\u0629 \u0627\u0644\u062a\u062e\u0635\u064a\u0628 \u0641\u064a \u0627\u0644\u0645\u062e\u062a\u0628\u0631.\n\u062c\u0645\u0639 \u0627\u0644\u062e\u0644\u0627\u064a\u0627 \u0645\u0646 \u0627\u0644\u0623\u062c\u0646\u0629 \u0644\u0644\u062a\u062d\u0644\u064a\u0644 (\u062e\u0632\u0639\u0629).\n\u062a\u062c\u0645\u064a\u062f \u0627\u0644\u0623\u062c\u0646\u0629 \u0641\u064a \u0627\u0646\u062a\u0638\u0627\u0631 \u0646\u062a\u0627\u0626\u062c \u0627\u0644\u062a\u062d\u0627\u0644\u064a\u0644.\n\u062a\u062d\u0644\u064a\u0644 \u0627\u0644\u0623\u062c\u0646\u0629 \u062c\u064a\u0646\u064a\u064b\u0627 \u0623\u0648 \u0643\u0631\u0648\u0645\u0648\u0632\u0648\u0645\u064a\u064b\u0627 \u0644\u062a\u062d\u062f\u064a\u062f \u0627\u0644\u062c\u0646\u064a\u0646 (\u0627\u0644\u0627\u062c\u0646\u0629) \u0627\u0644\u062e\u0627\u0644\u064d \u0645\u0646 \u0627\u0644\u0645\u0631\u0636 \u0627\u0644\u0630\u064a \u0642\u062f \u064a\u062d\u0645\u0644\u0647 \u0627\u0644\u0648\u0627\u0644\u062f\u0627\u0646 (\u0648\u0628\u0627\u0644\u0637\u0628\u0639 \u0644\u0644\u0642\u0636\u0627\u0621 \u0639\u0644\u0649 \u0627\u0644\u0623\u062c\u0646\u0629 \u0627\u0644\u062a\u064a \u062a\u062d\u0645\u0644 \u0627\u0644\u0645\u0631\u0636).\n\u0623\u062e\u064a\u0631\u0627\u064b \u064a\u062a\u0645 \u0646\u0642\u0644 \u0627\u0644\u0623\u062c\u0646\u0629 \u0627\u0644\u0635\u062d\u064a\u0629 \u0644\u0644\u0623\u0645 \u0628\u0639\u062f \u0625\u0632\u0627\u0644\u0629 \u0627\u0644\u062a\u062c\u0645\u064a\u062f (\u0627\u0646\u0638\u0631 \u0646\u0642\u0644 \u0627\u0644\u0623\u062c\u0646\u0629 \u0627\u0644\u0645\u062c\u0645\u062f\u0629)<\/p><\/div><\/div><\/div><\/div><\/div><div class=\"vc_row wpb_row vc_inner vc_row-fluid flex-box page-margin-top\"><div class=\"info-box-card wpb_column vc_column_container vc_col-sm-9\"><div class=\"vc_column-inner\"><div class=\"wpb_wrapper\"><div class=\"info-box card-list\"><h3>\u0645\u0627 \u0647\u064a \u0627\u0644\u0645\u062a\u0637\u0644\u0628\u0627\u062a \u0627\u0644\u0623\u0633\u0627\u0633\u064a\u0629\u061f<\/h3><p>\u0645\u0646 \u0627\u0644\u0636\u0631\u0648\u0631\u064a \u0623\u0646 \u064a\u062a\u0645 \u062a\u062d\u062f\u064a\u062f \u0627\u0644\u0645\u0631\u0636 \u0627\u0644\u0630\u064a \u064a\u062d\u0645\u0644\u0647  \u0627\u0644\u0648\u0627\u0644\u062f\u064a\u0646 \u062c\u064a\u0646\u064a\u0627. \u064a\u0645\u0643\u0646 \u0623\u0646 \u064a\u0643\u0648\u0646 \u0625\u0645\u0627  \u0634\u0630\u0648\u0630\u064b\u0627 \u0641\u064a \u062c\u0632\u0621 \u0645\u0646 \u0634\u0641\u0631\u0629 \u0627\u0644\u062d\u0645\u0636 \u0627\u0644\u0646\u0648\u0648\u064a ( \u0646\u0627\u062c\u0645 \u0639\u0646 \u0645\u0648\u0631\u062b \u0648\u0627\u062d\u062f) \u0623\u0648 \u0639\u062f\u062f \u0623\u0648 \u0628\u0646\u064a\u0629 \u0627\u0644\u0643\u0631\u0648\u0645\u0648\u0632\u0648\u0645 (\u0635\u0628\u063a\u064a).<br \/>\n\u064a\u062c\u0628 \u0623\u0646 \u064a\u0643\u0648\u0646 \u0625\u062c\u0631\u0627\u0621 \u0627\u0644\u062a\u0644\u0642\u064a\u062d \u0627\u0644\u0627\u0635\u0637\u0646\u0627\u0639\u064a \u0645\u0645\u0643\u0646\u0627 \u0639\u0644\u0645\u064a\u0627  \u0644\u062f\u0649 \u0627\u0644\u0632\u0648\u062c\u064a\u0646<\/p><\/div><\/div><\/div><\/div><div class=\"arrow-blue info-box-card wpb_column vc_column_container vc_col-sm-3\"><div class=\"vc_column-inner\"><div class=\"wpb_wrapper\"><\/div><\/div><\/div><\/div><div class=\"vc_row wpb_row vc_inner vc_row-fluid margin-top-92\"><div class=\"wpb_column vc_column_container vc_col-sm-12\"><div class=\"vc_column-inner\"><div class=\"wpb_wrapper\"><h2 class=\"box-header large align-center white\">\u0645\u0627 \u0647\u064a \u0627\u0644\u0623\u0645\u0631\u0627\u0636 \u0623\u0648 \u0627\u0644\u062d\u0627\u0644\u0627\u062a \u0627\u0644\u062a\u064a \u064a\u0645\u0643\u0646 \u0623\u0646 \u062a\u0643\u0648\u0646 \u0645\u0648\u0636\u0648\u0639 \u062a\u0634\u062e\u064a\u0635 \u0645\u0627 \u0642\u0628\u0644 \u0627\u0644\u0632\u0631\u0639\u061f<\/h2><\/div><\/div><\/div><\/div><div class=\"vc_row wpb_row vc_inner vc_row-fluid flex-box i-box page-margin-top\"><div class=\"wpb_column vc_column_container vc_col-sm-6\"><div class=\"vc_column-inner\"><div class=\"wpb_wrapper\"><div class=\"info-box animated-element animation-fadeIn duration-500 card-list\"><h3>\u0627\u0644\u0627\u0645\u0631\u0627\u0636 \u0627\u0644\u0646\u0627\u062c\u0645\u0629 \u0639\u0646 \u0645\u0648\u0631\u062b \u0648\u0627\u062d\u062f<\/h3><p>\u0627\u0644\u0627\u0639\u062a\u0644\u0627\u0644 \u0627\u0644\u0639\u0636\u0644\u064a<br \/>\n\u0627\u0644\u062a\u0644\u064a\u0641 \u0627\u0644\u0643\u064a\u0633\u064a<br \/>\n\u0627\u0644\u0648\u0631\u0645 \u0627\u0644\u0639\u0635\u0628\u064a \u0627\u0644\u0644\u064a\u0641\u064a<br \/>\n\u0627\u0644\u0628\u064a\u062a\u0627 \u0627\u0644\u062b\u0644\u0627\u0633\u064a\u0645\u064a\u0627<br \/>\n\u0627\u0644\u062a\u0647\u0627\u0628 \u0627\u0644\u0634\u0628\u0643\u064a\u0629 \u0627\u0644\u0635\u0628\u0627\u063a\u064a<br \/>\n\u0627\u0644\u0636\u0645\u0648\u0631 \u0627\u0644\u0639\u0636\u0644\u064a \u0628\u064a\u0643\u0631<br \/>\n\u0627\u0644\u0647\u0645\u0648\u0641\u064a\u0644\u064a\u0627<br \/>\n\u0645\u0631\u0636 \u0647\u0646\u062a\u0646\u063a\u062a\u0648\u0646<\/p><\/div><\/div><\/div><\/div><div class=\"wpb_column vc_column_container vc_col-sm-6\"><div class=\"vc_column-inner\"><div class=\"wpb_wrapper\"><div class=\"info-box animated-element animation-slideRight duration-800 delay-600 arrow-blue card-list\"><h3>\u0627\u0644\u0627\u0636\u0637\u0631\u0627\u0628 \u0627\u0644\u0635\u0628\u063a\u064a<\/h3><p>\u064a\u0645\u0643\u0646 \u0627\u0644\u0625\u0634\u0627\u0631\u0629 \u0628\u0627\u062c\u0631\u0627\u0621<strong>\u00a0\u0627\u0644\u062a\u0634\u062e\u064a\u0635 \u0627\u0644\u0648\u0631\u0627\u062b\u064a \u0642\u0628\u0644 \u0627\u0644\u0632\u0631\u0639\u00a0<\/strong>\u062a\u0634\u062e\u064a\u0635 \u0645\u0627 \u0642\u0628\u0644 \u0627\u0644\u0632\u0631\u0639 \u0639\u0646\u062f\u0645\u0627 \u064a\u062d\u0645\u0644 \u0623\u062d\u062f \u0627\u0644\u0632\u0648\u062c\u064a\u0646 \u0627\u0636\u0637\u0631\u0627\u0628 \u0635\u0628\u063a\u064a \u0645\u0639 \u0628\u0646\u064a\u0629 \u0645\u062a\u0648\u0627\u0632\u0646\u0629 \u0641\u064a \u062c\u0633\u0645\u0647 \u060c \u0648\u0644\u0643\u0646 \u064a\u0645\u0643\u0646 \u0623\u0646 \u064a\u0624\u062f\u064a \u0625\u0644\u0649 \u0648\u062c\u0648\u062f \u0646\u0645\u0637 \u0648\u0631\u0627\u062b\u064a \u0625\u0645\u0631\u0627\u0636\u064a \u0623\u0648 \u062d\u062a\u0649 \u0645\u0645\u064a\u062a \u0644\u0644\u062c\u0646\u064a\u0646 (\u062d\u0627\u0644\u0627\u062a \u0627\u0644\u0625\u062c\u0647\u0627\u0636):<\/p>\n<p>-Translocation<\/p>\n<p>-Inversion<\/p>\n<p>\u0648\u0641\u064a \u062d\u0627\u0644\u0627\u062a \u0623\u062e\u0631\u0649\u060c \u0641\u0625\u0646 \u0627\u062e\u062a\u064a\u0627\u0631 \u062c\u0646\u064a\u0646 \u0645\u0646 \u062c\u0646\u0633 \u0645\u0639\u064a\u0646 \u064a\u062c\u0639\u0644 \u0645\u0646 \u0627\u0644\u0645\u0645\u0643\u0646 \u0636\u0645\u0627\u0646 \u0639\u062f\u0645 \u0648\u062c\u0648\u062f \u0645\u0631\u0636 \u0625\u0630\u0627 \u0643\u0627\u0646 \u0627\u0644\u0623\u062e\u064a\u0631 \u064a\u062a\u0639\u0644\u0642 \u0628\u062c\u0646\u0633 \u0648\u0627\u062d\u062f \u0641\u0642\u0637(<strong>\u0645\u0631\u0636 \u0645\u062a\u0635\u0644 \u0628\u0627\u0644\u062c\u0646\u0633).<\/strong>).<\/p><\/div><div class=\"arrow-container animated-element animation-0 duration-800 delay-1050\"><span class=\"arrow template-arrow-horizontal-4-after arrow-dark\"><\/span><\/div><\/div><\/div><\/div><\/div><\/div><\/div><\/div>\n<\/div>","protected":false},"excerpt":{"rendered":"C\u2019EST UNE S\u00c9LECTION PAR ANALYSE G\u00c9N\u00c9TIQUE DES EMBRYONS SAINS AVANT LEUR IMPLANTATION, DANS LE BUT D\u2019\u00c9VITER LA TRANSMISSION D\u2019UNE MALADIE CONNUE ET IDENTIFI\u00c9E CHEZ L\u2019UN OU LES DEUX PARENTS. AVANTAGESCette technique permet d\u2019\u00e9viter les maladies g\u00e9n\u00e9tiquement transmissible\u00a0et repr\u00e9sente la solution de choix. Alors que pour certaines maladies, nous ne disposions que du diagnostic ant\u00e9natal (","protected":false},"author":3,"featured_media":0,"parent":0,"menu_order":0,"comment_status":"closed","ping_status":"closed","template":"template-default-without-breadcrumbs.php","meta":{"content-type":"","footnotes":""},"ppma_author":[103],"class_list":["post-4201","page","type-page","status-publish","hentry","author-freesuccess"],"_links":{"self":[{"href":"https:\/\/www.fertillia.com\/ar\/wp-json\/wp\/v2\/pages\/4201","targetHints":{"allow":["GET"]}}],"collection":[{"href":"https:\/\/www.fertillia.com\/ar\/wp-json\/wp\/v2\/pages"}],"about":[{"href":"https:\/\/www.fertillia.com\/ar\/wp-json\/wp\/v2\/types\/page"}],"author":[{"embeddable":true,"href":"https:\/\/www.fertillia.com\/ar\/wp-json\/wp\/v2\/users\/3"}],"replies":[{"embeddable":true,"href":"https:\/\/www.fertillia.com\/ar\/wp-json\/wp\/v2\/comments?post=4201"}],"version-history":[{"count":0,"href":"https:\/\/www.fertillia.com\/ar\/wp-json\/wp\/v2\/pages\/4201\/revisions"}],"wp:attachment":[{"href":"https:\/\/www.fertillia.com\/ar\/wp-json\/wp\/v2\/media?parent=4201"}],"wp:term":[{"taxonomy":"author","embeddable":true,"href":"https:\/\/www.fertillia.com\/ar\/wp-json\/wp\/v2\/ppma_author?post=4201"}],"curies":[{"name":"wp","href":"https:\/\/api.w.org\/{rel}","templated":true}]}}